{"id":103,"date":"2020-08-19T08:49:52","date_gmt":"2020-08-19T06:49:52","guid":{"rendered":"http:\/\/spwinadmin.fr\/?page_id=103"},"modified":"2020-08-26T16:37:34","modified_gmt":"2020-08-26T14:37:34","slug":"mon-parcours","status":"publish","type":"page","link":"https:\/\/spwinadmin.fr\/?page_id=103","title":{"rendered":"MON PARCOURS"},"content":{"rendered":"\t\t<div data-elementor-type=\"wp-page\" data-elementor-id=\"103\" class=\"elementor elementor-103\" data-elementor-settings=\"[]\">\n\t\t\t\t\t\t<div class=\"elementor-inner\">\n\t\t\t\t\t\t\t<div class=\"elementor-section-wrap\">\n\t\t\t\t\t\t\t<section class=\"elementor-section elementor-top-section elementor-element elementor-element-7eab500 elementor-section-boxed elementor-section-height-default elementor-section-height-default\" data-id=\"7eab500\" data-element_type=\"section\">\n\t\t\t\t\t\t<div class=\"elementor-container elementor-column-gap-default\">\n\t\t\t\t\t\t\t<div class=\"elementor-row\">\n\t\t\t\t\t<div class=\"elementor-column elementor-col-100 elementor-top-column elementor-element elementor-element-d5c456f\" data-id=\"d5c456f\" data-element_type=\"column\">\n\t\t\t<div class=\"elementor-column-wrap elementor-element-populated\">\n\t\t\t\t\t\t\t<div class=\"elementor-widget-wrap\">\n\t\t\t\t\t\t<div class=\"elementor-element elementor-element-2fe91b0 elementor-widget elementor-widget-heading\" data-id=\"2fe91b0\" data-element_type=\"widget\" data-widget_type=\"heading.default\">\n\t\t\t\t<div class=\"elementor-widget-container\">\n\t\t\t<h2 class=\"elementor-heading-title elementor-size-default\">Comment je suis entr\u00e9e dans le domaine du vin ?<\/h2>\t\t<\/div>\n\t\t\t\t<\/div>\n\t\t\t\t\t\t<\/div>\n\t\t\t\t\t<\/div>\n\t\t<\/div>\n\t\t\t\t\t\t\t\t<\/div>\n\t\t\t\t\t<\/div>\n\t\t<\/section>\n\t\t\t\t<section class=\"elementor-section elementor-top-section elementor-element elementor-element-2437a16 elementor-section-boxed elementor-section-height-default elementor-section-height-default\" data-id=\"2437a16\" data-element_type=\"section\">\n\t\t\t\t\t\t<div class=\"elementor-container elementor-column-gap-default\">\n\t\t\t\t\t\t\t<div class=\"elementor-row\">\n\t\t\t\t\t<div class=\"elementor-column elementor-col-100 elementor-top-column elementor-element elementor-element-28fcd7c\" data-id=\"28fcd7c\" data-element_type=\"column\">\n\t\t\t<div class=\"elementor-column-wrap elementor-element-populated\">\n\t\t\t\t\t\t\t<div class=\"elementor-widget-wrap\">\n\t\t\t\t\t\t<div class=\"elementor-element elementor-element-ecbe1bc elementor-widget elementor-widget-text-editor\" data-id=\"ecbe1bc\" data-element_type=\"widget\" data-widget_type=\"text-editor.default\">\n\t\t\t\t<div class=\"elementor-widget-container\">\n\t\t\t\t\t<div class=\"elementor-text-editor elementor-clearfix\"><p><strong>Apr\u00e8s 5 ans de Comptabilit\u00e9 dans une soci\u00e9t\u00e9 de Textile, j&rsquo;ai int\u00e9gr\u00e9 une soci\u00e9t\u00e9 de n\u00e9goce dans le libournais en tant qu\u2019assistante informatique.<\/strong><\/p><p><strong>Suite \u00e0 l&rsquo;acquisition d&rsquo;un nouveau logiciel de gestion commerciale, logistique et comptable, il m&rsquo;a \u00e9t\u00e9 confi\u00e9 la cr\u00e9ation et le param\u00e9trage de tous les fichiers. Dans un deuxi\u00e8me temps, j&rsquo;ai form\u00e9 l&rsquo;ensemble du personnel \u00e0 son utilisation. J&rsquo;ai ainsi d\u00e9couvert les fonctions administratives du domaine du vin.<\/strong><\/p><\/div>\n\t\t\t\t<\/div>\n\t\t\t\t<\/div>\n\t\t\t\t\t\t<\/div>\n\t\t\t\t\t<\/div>\n\t\t<\/div>\n\t\t\t\t\t\t\t\t<\/div>\n\t\t\t\t\t<\/div>\n\t\t<\/section>\n\t\t\t\t<section class=\"elementor-section elementor-top-section elementor-element elementor-element-636bdd4 elementor-section-boxed elementor-section-height-default elementor-section-height-default\" data-id=\"636bdd4\" data-element_type=\"section\">\n\t\t\t\t\t\t<div class=\"elementor-container elementor-column-gap-default\">\n\t\t\t\t\t\t\t<div class=\"elementor-row\">\n\t\t\t\t\t<div class=\"elementor-column elementor-col-100 elementor-top-column elementor-element elementor-element-5fbafda\" data-id=\"5fbafda\" data-element_type=\"column\">\n\t\t\t<div class=\"elementor-column-wrap elementor-element-populated\">\n\t\t\t\t\t\t\t<div class=\"elementor-widget-wrap\">\n\t\t\t\t\t\t<div class=\"elementor-element elementor-element-51424ad elementor-widget elementor-widget-heading\" data-id=\"51424ad\" data-element_type=\"widget\" data-widget_type=\"heading.default\">\n\t\t\t\t<div class=\"elementor-widget-container\">\n\t\t\t<h2 class=\"elementor-heading-title elementor-size-default\">Et apr\u00e8s ?<\/h2>\t\t<\/div>\n\t\t\t\t<\/div>\n\t\t\t\t\t\t<\/div>\n\t\t\t\t\t<\/div>\n\t\t<\/div>\n\t\t\t\t\t\t\t\t<\/div>\n\t\t\t\t\t<\/div>\n\t\t<\/section>\n\t\t\t\t<section class=\"elementor-section elementor-top-section elementor-element elementor-element-2de5dba elementor-section-boxed elementor-section-height-default elementor-section-height-default\" data-id=\"2de5dba\" data-element_type=\"section\">\n\t\t\t\t\t\t<div class=\"elementor-container elementor-column-gap-default\">\n\t\t\t\t\t\t\t<div class=\"elementor-row\">\n\t\t\t\t\t<div class=\"elementor-column elementor-col-100 elementor-top-column elementor-element elementor-element-8737f30\" data-id=\"8737f30\" data-element_type=\"column\">\n\t\t\t<div class=\"elementor-column-wrap elementor-element-populated\">\n\t\t\t\t\t\t\t<div class=\"elementor-widget-wrap\">\n\t\t\t\t\t\t<div class=\"elementor-element elementor-element-3bd6612 elementor-widget elementor-widget-text-editor\" data-id=\"3bd6612\" data-element_type=\"widget\" data-widget_type=\"text-editor.default\">\n\t\t\t\t<div class=\"elementor-widget-container\">\n\t\t\t\t\t<div class=\"elementor-text-editor elementor-clearfix\"><p><b>Par la suite, j&rsquo;ai \u00e9t\u00e9 recrut\u00e9e chez un n\u00e9gociant aux portes de Bordeaux, en tant qu&#8217;employ\u00e9e logistique. J&rsquo;y ai appris dans le d\u00e9tail la gestion administrative des r\u00e9ceptions \/ exp\u00e9ditions et la r\u00e9gie. Quelques temps plus tard j&rsquo;ai \u00e9t\u00e9 promue en interne sur le poste de gestionnaire\u00a0 production \/ logistique. Ce poste m&rsquo;a permis d&rsquo;avoir des relations avec tous les services de la soci\u00e9t\u00e9. J&rsquo;ai apport\u00e9 mes comp\u00e9tences au service commercial en g\u00e9rant la partie administrative et logistique apr\u00e8s la vente du d\u00e9partement Asie. J&rsquo;ai \u00e9galement interagie avec le service achat. J&rsquo;ai assur\u00e9 tous les recrutements des int\u00e9rimaires ainsi que la gestion des \u00e9quipes de l&rsquo;entrep\u00f4t. J&rsquo;avais \u00e9galement en charge la partie achats mati\u00e8res s\u00e8ches et l&rsquo;organisation des mises dans les caves coop\u00e9ratives.<\/b><\/p><p><strong>Quelques ann\u00e9es plus tard, la soci\u00e9t\u00e9 a cr\u00e9\u00e9 un entrep\u00f4t sous douane (RFSE), dont j&rsquo;ai \u00e9t\u00e9 nomm\u00e9e responsable.\u00a0<\/strong><\/p><p><strong>17 ans plus tard, j\u2019ai travaill\u00e9 chez un viticulteur n\u00e9gociant dans le Saint-Emilionnais o\u00f9 en plus de\u00a0<\/strong><span style=\"font-family: Roboto; font-size: 14px; font-style: normal; font-variant-ligatures: normal; font-variant-caps: normal; font-weight: 600; color: var( --e-global-color-text ); letter-spacing: var( --e-global-typography-text-letter-spacing ); text-transform: var( --e-global-typography-text-text-transform );\">la gestion logistique et administrative,<\/span><strong style=\"font-size: 14px; color: var( --e-global-color-text ); letter-spacing: var( --e-global-typography-text-letter-spacing ); text-transform: var( --e-global-typography-text-text-transform );\">\u00a0j&rsquo;ai eu de nouvelles missions : d\u00e9clarations de r\u00e9coltes,demandes de subventions,demandes d&rsquo;analyses avant mises&#8230;<\/strong><\/p><p><strong>J&rsquo;ai ensuite \u00e9t\u00e9 recrut\u00e9e chez un n\u00e9gociant bordelais o\u00f9 j&rsquo;avais en charge la gestion apr\u00e8s la vente, de la commande jusqu&rsquo;\u00e0 la livraison, l&rsquo;organisation \u00e9v\u00e9nementielle et les voyages.<\/strong><\/p><\/div>\n\t\t\t\t<\/div>\n\t\t\t\t<\/div>\n\t\t\t\t\t\t<\/div>\n\t\t\t\t\t<\/div>\n\t\t<\/div>\n\t\t\t\t\t\t\t\t<\/div>\n\t\t\t\t\t<\/div>\n\t\t<\/section>\n\t\t\t\t<section class=\"elementor-section elementor-top-section elementor-element elementor-element-9ff0352 elementor-section-boxed elementor-section-height-default elementor-section-height-default\" data-id=\"9ff0352\" data-element_type=\"section\">\n\t\t\t\t\t\t<div class=\"elementor-container elementor-column-gap-default\">\n\t\t\t\t\t\t\t<div class=\"elementor-row\">\n\t\t\t\t\t<div class=\"elementor-column elementor-col-100 elementor-top-column elementor-element elementor-element-9a180ea\" data-id=\"9a180ea\" data-element_type=\"column\">\n\t\t\t<div class=\"elementor-column-wrap elementor-element-populated\">\n\t\t\t\t\t\t\t<div class=\"elementor-widget-wrap\">\n\t\t\t\t\t\t<div class=\"elementor-element elementor-element-f7dabde elementor-widget elementor-widget-heading\" data-id=\"f7dabde\" data-element_type=\"widget\" data-widget_type=\"heading.default\">\n\t\t\t\t<div class=\"elementor-widget-container\">\n\t\t\t<h2 class=\"elementor-heading-title elementor-size-default\">Et maintenant ?<\/h2>\t\t<\/div>\n\t\t\t\t<\/div>\n\t\t\t\t\t\t<\/div>\n\t\t\t\t\t<\/div>\n\t\t<\/div>\n\t\t\t\t\t\t\t\t<\/div>\n\t\t\t\t\t<\/div>\n\t\t<\/section>\n\t\t\t\t<section class=\"elementor-section elementor-top-section elementor-element elementor-element-027aa4d elementor-section-boxed elementor-section-height-default elementor-section-height-default\" data-id=\"027aa4d\" data-element_type=\"section\">\n\t\t\t\t\t\t<div class=\"elementor-container elementor-column-gap-default\">\n\t\t\t\t\t\t\t<div class=\"elementor-row\">\n\t\t\t\t\t<div class=\"elementor-column elementor-col-100 elementor-top-column elementor-element elementor-element-c36f686\" data-id=\"c36f686\" data-element_type=\"column\">\n\t\t\t<div class=\"elementor-column-wrap elementor-element-populated\">\n\t\t\t\t\t\t\t<div class=\"elementor-widget-wrap\">\n\t\t\t\t\t\t<div class=\"elementor-element elementor-element-3ba469f elementor-widget elementor-widget-text-editor\" data-id=\"3ba469f\" data-element_type=\"widget\" data-widget_type=\"text-editor.default\">\n\t\t\t\t<div class=\"elementor-widget-container\">\n\t\t\t\t\t<div class=\"elementor-text-editor elementor-clearfix\"><p><strong>Aujourd&rsquo;hui, apr\u00e8s 25 ans d&rsquo;exp\u00e9rience,&nbsp; je suis confirm\u00e9e dans mon m\u00e9tier et j&rsquo;ai l&rsquo;envie de cr\u00e9er ma propre entreprise.<\/strong><\/p>\n<p><strong>Je me lance dans cette nouvelle aventure que j&rsquo;ai plaisir de partager avec vous.<\/strong><\/p>\n<p><strong>La passion m&rsquo;anime, l&rsquo;apprentissage est infini, c&rsquo;est une nouvelle fa\u00e7on de travailler ensemble autrement avec un regard tourn\u00e9 vers l&rsquo;avenir&#8230;Vivement la suite !<\/strong><\/p>\n<p><\/p><\/div>\n\t\t\t\t<\/div>\n\t\t\t\t<\/div>\n\t\t\t\t\t\t<\/div>\n\t\t\t\t\t<\/div>\n\t\t<\/div>\n\t\t\t\t\t\t\t\t<\/div>\n\t\t\t\t\t<\/div>\n\t\t<\/section>\n\t\t\t\t\t\t<\/div>\n\t\t\t\t\t\t<\/div>\n\t\t\t\t\t<\/div>\n\t\t","protected":false},"excerpt":{"rendered":"<p>Comment je suis entr\u00e9e dans le domaine du vin ? Apr\u00e8s 5 ans de Comptabilit\u00e9 dans une soci\u00e9t\u00e9 de Textile, j&rsquo;ai int\u00e9gr\u00e9 une soci\u00e9t\u00e9 de n\u00e9goce dans le libournais en tant qu\u2019assistante informatique. Suite \u00e0 l&rsquo;acquisition d&rsquo;un nouveau logiciel de gestion commerciale, logistique et comptable, il m&rsquo;a \u00e9t\u00e9 confi\u00e9 la cr\u00e9ation et le param\u00e9trage de [&hellip;]<\/p>\n","protected":false},"author":1,"featured_media":0,"parent":0,"menu_order":0,"comment_status":"closed","ping_status":"closed","template":"","meta":{"spay_email":""},"_links":{"self":[{"href":"https:\/\/spwinadmin.fr\/index.php?rest_route=\/wp\/v2\/pages\/103"}],"collection":[{"href":"https:\/\/spwinadmin.fr\/index.php?rest_route=\/wp\/v2\/pages"}],"about":[{"href":"https:\/\/spwinadmin.fr\/index.php?rest_route=\/wp\/v2\/types\/page"}],"author":[{"embeddable":true,"href":"https:\/\/spwinadmin.fr\/index.php?rest_route=\/wp\/v2\/users\/1"}],"replies":[{"embeddable":true,"href":"https:\/\/spwinadmin.fr\/index.php?rest_route=%2Fwp%2Fv2%2Fcomments&post=103"}],"version-history":[{"count":7,"href":"https:\/\/spwinadmin.fr\/index.php?rest_route=\/wp\/v2\/pages\/103\/revisions"}],"predecessor-version":[{"id":139,"href":"https:\/\/spwinadmin.fr\/index.php?rest_route=\/wp\/v2\/pages\/103\/revisions\/139"}],"wp:attachment":[{"href":"https:\/\/spwinadmin.fr\/index.php?rest_route=%2Fwp%2Fv2%2Fmedia&parent=103"}],"curies":[{"name":"wp","href":"https:\/\/api.w.org\/{rel}","templated":true}]}}