{"id":118,"date":"2020-08-21T15:11:26","date_gmt":"2020-08-21T13:11:26","guid":{"rendered":"http:\/\/spwinadmin.fr\/?page_id=118"},"modified":"2020-08-21T15:22:41","modified_gmt":"2020-08-21T13:22:41","slug":"mentions-legales","status":"publish","type":"page","link":"https:\/\/spwinadmin.fr\/?page_id=118","title":{"rendered":"Mentions L\u00e9gales"},"content":{"rendered":"\t\t<div data-elementor-type=\"wp-page\" data-elementor-id=\"118\" class=\"elementor elementor-118\" data-elementor-settings=\"[]\">\n\t\t\t\t\t\t<div class=\"elementor-inner\">\n\t\t\t\t\t\t\t<div class=\"elementor-section-wrap\">\n\t\t\t\t\t\t\t<section class=\"elementor-section elementor-top-section elementor-element elementor-element-f187b3c elementor-section-boxed elementor-section-height-default elementor-section-height-default\" data-id=\"f187b3c\" data-element_type=\"section\">\n\t\t\t\t\t\t<div class=\"elementor-container elementor-column-gap-default\">\n\t\t\t\t\t\t\t<div class=\"elementor-row\">\n\t\t\t\t\t<div class=\"elementor-column elementor-col-100 elementor-top-column elementor-element elementor-element-e10eee0\" data-id=\"e10eee0\" data-element_type=\"column\">\n\t\t\t<div class=\"elementor-column-wrap elementor-element-populated\">\n\t\t\t\t\t\t\t<div class=\"elementor-widget-wrap\">\n\t\t\t\t\t\t<div class=\"elementor-element elementor-element-6fa988f elementor-widget elementor-widget-text-editor\" data-id=\"6fa988f\" data-element_type=\"widget\" data-widget_type=\"text-editor.default\">\n\t\t\t\t<div class=\"elementor-widget-container\">\n\t\t\t\t\t<div class=\"elementor-text-editor elementor-clearfix\"><p>Ce site est \u00e9dit\u00e9 par :<\/p><p>SP WIN&rsquo;ADMIN<br \/>37,rue des fleurs<\/p><p>33450 IZON<\/p><p>06.69.47.32.63<\/p><p>Num\u00e9ro d\u2019inscription au registre du commerce et des soci\u00e9t\u00e9s : A venir<\/p><p>Nom du directeur de la publication : Sylvie PAUVERT<\/p><\/div>\n\t\t\t\t<\/div>\n\t\t\t\t<\/div>\n\t\t\t\t\t\t<\/div>\n\t\t\t\t\t<\/div>\n\t\t<\/div>\n\t\t\t\t\t\t\t\t<\/div>\n\t\t\t\t\t<\/div>\n\t\t<\/section>\n\t\t\t\t\t\t<\/div>\n\t\t\t\t\t\t<\/div>\n\t\t\t\t\t<\/div>\n\t\t","protected":false},"excerpt":{"rendered":"<p>Ce site est \u00e9dit\u00e9 par : SP WIN&rsquo;ADMIN 37,rue des fleurs 33450 IZON 06.69.47.32.63 Num\u00e9ro d\u2019inscription au registre du commerce et des soci\u00e9t\u00e9s : A venir Nom du directeur de la publication : Sylvie PAUVERT<\/p>\n","protected":false},"author":1,"featured_media":0,"parent":0,"menu_order":0,"comment_status":"closed","ping_status":"closed","template":"","meta":{"spay_email":""},"_links":{"self":[{"href":"https:\/\/spwinadmin.fr\/index.php?rest_route=\/wp\/v2\/pages\/118"}],"collection":[{"href":"https:\/\/spwinadmin.fr\/index.php?rest_route=\/wp\/v2\/pages"}],"about":[{"href":"https:\/\/spwinadmin.fr\/index.php?rest_route=\/wp\/v2\/types\/page"}],"author":[{"embeddable":true,"href":"https:\/\/spwinadmin.fr\/index.php?rest_route=\/wp\/v2\/users\/1"}],"replies":[{"embeddable":true,"href":"https:\/\/spwinadmin.fr\/index.php?rest_route=%2Fwp%2Fv2%2Fcomments&post=118"}],"version-history":[{"count":3,"href":"https:\/\/spwinadmin.fr\/index.php?rest_route=\/wp\/v2\/pages\/118\/revisions"}],"predecessor-version":[{"id":121,"href":"https:\/\/spwinadmin.fr\/index.php?rest_route=\/wp\/v2\/pages\/118\/revisions\/121"}],"wp:attachment":[{"href":"https:\/\/spwinadmin.fr\/index.php?rest_route=%2Fwp%2Fv2%2Fmedia&parent=118"}],"curies":[{"name":"wp","href":"https:\/\/api.w.org\/{rel}","templated":true}]}}