{"id":132,"date":"2020-08-24T18:26:45","date_gmt":"2020-08-24T16:26:45","guid":{"rendered":"http:\/\/spwinadmin.fr\/?page_id=132"},"modified":"2020-08-24T18:29:45","modified_gmt":"2020-08-24T16:29:45","slug":"elementor-132","status":"publish","type":"page","link":"https:\/\/spwinadmin.fr\/?page_id=132","title":{"rendered":"Politique de confidentialit\u00e9"},"content":{"rendered":"\t\t<div data-elementor-type=\"wp-page\" data-elementor-id=\"132\" class=\"elementor elementor-132\" data-elementor-settings=\"[]\">\n\t\t\t\t\t\t<div class=\"elementor-inner\">\n\t\t\t\t\t\t\t<div class=\"elementor-section-wrap\">\n\t\t\t\t\t\t\t<section class=\"elementor-section elementor-top-section elementor-element elementor-element-feb42ae elementor-section-boxed elementor-section-height-default elementor-section-height-default\" data-id=\"feb42ae\" data-element_type=\"section\">\n\t\t\t\t\t\t<div class=\"elementor-container elementor-column-gap-default\">\n\t\t\t\t\t\t\t<div class=\"elementor-row\">\n\t\t\t\t\t<div class=\"elementor-column elementor-col-100 elementor-top-column elementor-element elementor-element-f2da232\" data-id=\"f2da232\" data-element_type=\"column\">\n\t\t\t<div class=\"elementor-column-wrap elementor-element-populated\">\n\t\t\t\t\t\t\t<div class=\"elementor-widget-wrap\">\n\t\t\t\t\t\t<div class=\"elementor-element elementor-element-f7a99df elementor-widget elementor-widget-text-editor\" data-id=\"f7a99df\" data-element_type=\"widget\" data-widget_type=\"text-editor.default\">\n\t\t\t\t<div class=\"elementor-widget-container\">\n\t\t\t\t\t<div class=\"elementor-text-editor elementor-clearfix\"><p>Politique de Confidentialit\u00e9 :\u00a0<\/p><p>La pr\u00e9sente politique s\u2019applique au service de prise d\u2019inscriptions aux donn\u00e9es de contact collect\u00e9es sur le site web de Sylvie Pauvert Secr\u00e9taire Ind\u00e9pendante (d\u00e9sign\u00e9s par la suite par le terme \u201cSite Web\u201d) ainsi qu\u2019aux autres interactions (tel que suivi de la relation commerciale) entre utilisateurs et l\u2019association Sylvie PAUVERT Secr\u00e9taire Ind\u00e9pendante . Cette pr\u00e9sente politique vise \u00e0 informer les utilisateurs du traitement qui est fait de leurs donn\u00e9es ainsi que de leurs droits en accord avec le R\u00e8glement G\u00e9n\u00e9ral sur la Protection des Donn\u00e9es (RGPD) europ\u00e9en.<\/p><p>\u00a0<\/p><ol><li><strong>COLLECTE DES INFORMATIONS<\/strong><\/li><\/ol><p>Sylvie Pauvert Secr\u00e9taire Ind\u00e9pendante collecte des informations sur ses utilisateurs et ce de la mani\u00e8re suivante :<\/p><p><strong>Donn\u00e9es de contact.<\/strong>\u00a0Sylvie PAUVERT Secr\u00e9taire Ind\u00e9pendante collecte au travers du Site Web et lors de l\u2019inscription des informations de contact de ses utilisateurs. Ces donn\u00e9es sont collect\u00e9es dans le cadre du remplissage de formulaires sur le Site Web ainsi que dans le cadre de l\u2019\u00e9change de mails induit par l\u2019utilisation du Service. Ces donn\u00e9es incluent les informations suivantes : Nom, Pr\u00e9nom, Email, T\u00e9l\u00e9phone, Adresse Postale, Soci\u00e9t\u00e9.<\/p><p><strong>Donn\u00e9es de suivi<\/strong>. Sylvie PAUVERT Secr\u00e9taire Ind\u00e9pendante collecte automatiquement des m\u00e9tadonn\u00e9es de suivi sur son Site Web.<\/p><p>Cette collecte inclus :<\/p><ul><li>L\u2019adresse IP utilis\u00e9e. L\u2019adresse IP permet de g\u00e9o localiser les utilisateurs. Des informations sur le syst\u00e8me client tel que nom du navigateur, langue et version du syst\u00e8me d\u2019exploitation<\/li><li>Des donn\u00e9es d\u2019interaction tel que les adresses des ressources consult\u00e9es (URLs), les pages de r\u00e9f\u00e9rence, le nombre de clics, le temps pass\u00e9 sur les pages, la date et l\u2019heure de consultation des pages<\/li><li>L\u2019utilisation de cookie : Nous utilisons des cookies de s\u00e9curit\u00e9 pour authentifier les utilisateurs, emp\u00eacher l\u2019utilisation frauduleuse d\u2019informations de connexion et prot\u00e9ger les donn\u00e9es des utilisateurs contre les tiers non autoris\u00e9s<\/li><\/ul><ol start=\"2\"><li><strong>FINALIT\u00c9 DE TRAITEMENT<\/strong><\/li><\/ol><p>Les donn\u00e9es collect\u00e9es sont trait\u00e9es conform\u00e9ment aux demandes de l\u2019utilisateur, aux obligations contractuelles qui lient Sylvie PAUVERT Secr\u00e9taire Ind\u00e9pendante et ses lecteurs, partenaires, clients,\u00a0ainsi qu\u2019aux lois applicables. Ces donn\u00e9es sont utilis\u00e9es pour :<\/p><ul><li>Suivre l\u2019utilisation du service et prot\u00e9ger la s\u00e9curit\u00e9 des services. Cela inclus des mesures d\u2019audience, l\u2019analyse d\u2019erreur du service ou encore de pr\u00e9vention et d\u00e9tection de probl\u00e8mes techniques ou de s\u00e9curit\u00e9.<\/li><li>R\u00e9pondre aux sollicitations de contact. Les informations de contact sont utilis\u00e9es pour r\u00e9pondre aux sollicitations notamment en cas de demande de contact commercial ou de support.<\/li><li>Mener des enqu\u00eates et suivre l\u2019utilisation. Sylvie PAUVERT Secr\u00e9taire Ind\u00e9pendante peut \u00eatre amen\u00e9 \u00e0 contacter ses visiteurs notamment dans le cadre d\u2019un suivi r\u00e9gulier de l\u2019utilisation ou pour solliciter des retours sur le service.<\/li><li>Am\u00e9liorer la qualit\u00e9 du service. Les donn\u00e9es sont analys\u00e9es pour am\u00e9liorer le service. Les emails sont \u00e9galement trait\u00e9s de mani\u00e8re automatique. Les informations agr\u00e9g\u00e9es pour lesquelles il n\u2019est plus possible d\u2019identifier les personnes (exempt de toute information personnelle) telles que des statistiques globales ne peuvent pas \u00eatre utilis\u00e9es \u00e0 des fins commerciales.<\/li><\/ul><ol start=\"3\"><li><strong>DUR\u00c9E DE CONSERVATION<\/strong><\/li><\/ol><p>Tous les utilisateurs et utilisatrices peuvent voir, modifier ou supprimer leurs informations personnelles \u00e0 tout moment (\u00e0 l\u2019exception de leur nom d\u2019utilisateur\u00b7ice). Les gestionnaires du site peuvent aussi voir et modifier ces informations.<\/p><ol start=\"4\"><li><strong>PARTAGE DES INFORMATIONS<\/strong><\/li><\/ol><p>Les donn\u00e9es ne sont pas partag\u00e9es ni vendu \u00e0 une tierce partie.<\/p><ol start=\"5\"><li><strong>DROITS<\/strong><\/li><\/ol><p>Les utilisateurs ayant fourni des donn\u00e9es au service peuvent s\u2019adresser\u00a0\u00e0 Sylvie PAUVERT Secr\u00e9taire Ind\u00e9pendante via le mail\u00a0<u>spwinadmin@gmail.com\u00a0<\/u>pour faire valoir leurs droits :<\/p><p><strong>Droit d\u2019acc\u00e8s.\u00a0<\/strong>L\u2019utilisateur peut demander un extrait des informations personnelles stock\u00e9es et trait\u00e9es.<\/p><p><strong>Droit de rectification.<\/strong>\u00a0L\u2019utilisateur peut demander \u00e0 modifier une information erron\u00e9e<\/p><p><strong>Droit \u00e0 l\u2019oubli.\u00a0<\/strong>L\u2019utilisateur peut demander \u00e0 supprimer une ou des informations personnelles<\/p><p><strong>Droits \u00e0 la portabilit\u00e9.\u00a0<\/strong>L\u2019utilisateur dispose d\u2019un droit \u00e0 la portabilit\u00e9 de ses donn\u00e9es. Cependant, les donn\u00e9es trait\u00e9es \u00e9tant des donn\u00e9es de contact ou des donn\u00e9es r\u00e9pliqu\u00e9es des syst\u00e8mes d\u2019information des lecteurs, la portabilit\u00e9 des donn\u00e9es n\u2019est pas n\u00e9cessaire dans le cadre d\u2019un changement vers un autre fournisseur de services similaire.<\/p><p>Dans le cas d\u2019un litige ou d\u2019une interrogation vis-\u00e0-vis d\u2019un traitement de donn\u00e9es personnelles, l\u2019utilisateur peut s\u2019adresser : au\u00a0responsable de la gestion des donn\u00e9es personnelles joignable \u00e0 l\u2019adresse email suivante:\u00a0spwinadmin@gmail.com\u00a0ou \u00e0 l\u2019autorit\u00e9 locale de contr\u00f4le des donn\u00e9es personnelles (CNIL pour la France)<\/p><ol start=\"6\"><li><strong>CONSENTEMENT<\/strong><\/li><\/ol><p>En fournissant des donn\u00e9es personnelles, l\u2019utilisateur consent \u00e0 ce qu\u2019elles soient utilis\u00e9es dans les buts d\u00e9finis ci-avant. Le consentement peut \u00eatre retir\u00e9 \u00e0 tout moment en pr\u00e9cisant la port\u00e9e du changement de consentement aupr\u00e8s de Sylvie PAUVERT Secr\u00e9taire Ind\u00e9pendante ou tout autre moyen automatis\u00e9 mis \u00e0 la disposition de l\u2019utilisateur pour exercer ce droit (tel un lien de d\u00e9sinscription).<\/p><ol start=\"7\"><li><strong>TRANSFERT VERS UN PAYS TIERS<\/strong><\/li><\/ol><p>Les donn\u00e9es du service sont h\u00e9berg\u00e9es en France. Les donn\u00e9es sont transf\u00e9r\u00e9es dans des pays hors Union Europ\u00e9enne dans les cas suivants :<br \/>Ce site utilise des cookies de Google Analytics. Ces cookies nous aident \u00e0 identifier le contenu qui vous int\u00e9resse le plus ainsi qu\u2019\u00e0 rep\u00e9rer certains dysfonctionnements. Vos donn\u00e9es de navigations sur ce site sont envoy\u00e9es \u00e0 Google Inc.<\/p><ol start=\"8\"><li><strong>MODIFICATIONS<\/strong><\/li><\/ol><p>Cette politique peut \u00e9voluer notamment en cas de changement r\u00e9glementaire ou si des changements sont apport\u00e9s aux activit\u00e9s de Sylvie PAUVERT Secr\u00e9taire Ind\u00e9pendante. Dans le cas o\u00f9 les changements de cette politique affectent vos droits, Sylvie PAUVERT Secr\u00e9taire Ind\u00e9pendante prendra contact avec vous par email pour vous informer des changements.<\/p><\/div>\n\t\t\t\t<\/div>\n\t\t\t\t<\/div>\n\t\t\t\t\t\t<\/div>\n\t\t\t\t\t<\/div>\n\t\t<\/div>\n\t\t\t\t\t\t\t\t<\/div>\n\t\t\t\t\t<\/div>\n\t\t<\/section>\n\t\t\t\t\t\t<\/div>\n\t\t\t\t\t\t<\/div>\n\t\t\t\t\t<\/div>\n\t\t","protected":false},"excerpt":{"rendered":"<p>Politique de Confidentialit\u00e9 :&nbsp; La pr\u00e9sente politique s\u2019applique au service de prise d\u2019inscriptions aux donn\u00e9es de contact collect\u00e9es sur le site web de Sylvie Pauvert Secr\u00e9taire Ind\u00e9pendante (d\u00e9sign\u00e9s par la suite par le terme \u201cSite Web\u201d) ainsi qu\u2019aux autres interactions (tel que suivi de la relation commerciale) entre utilisateurs et l\u2019association Sylvie PAUVERT Secr\u00e9taire Ind\u00e9pendante [&hellip;]<\/p>\n","protected":false},"author":1,"featured_media":0,"parent":0,"menu_order":0,"comment_status":"closed","ping_status":"closed","template":"","meta":{"spay_email":""},"_links":{"self":[{"href":"https:\/\/spwinadmin.fr\/index.php?rest_route=\/wp\/v2\/pages\/132"}],"collection":[{"href":"https:\/\/spwinadmin.fr\/index.php?rest_route=\/wp\/v2\/pages"}],"about":[{"href":"https:\/\/spwinadmin.fr\/index.php?rest_route=\/wp\/v2\/types\/page"}],"author":[{"embeddable":true,"href":"https:\/\/spwinadmin.fr\/index.php?rest_route=\/wp\/v2\/users\/1"}],"replies":[{"embeddable":true,"href":"https:\/\/spwinadmin.fr\/index.php?rest_route=%2Fwp%2Fv2%2Fcomments&post=132"}],"version-history":[{"count":3,"href":"https:\/\/spwinadmin.fr\/index.php?rest_route=\/wp\/v2\/pages\/132\/revisions"}],"predecessor-version":[{"id":135,"href":"https:\/\/spwinadmin.fr\/index.php?rest_route=\/wp\/v2\/pages\/132\/revisions\/135"}],"wp:attachment":[{"href":"https:\/\/spwinadmin.fr\/index.php?rest_route=%2Fwp%2Fv2%2Fmedia&parent=132"}],"curies":[{"name":"wp","href":"https:\/\/api.w.org\/{rel}","templated":true}]}}